{"id":3194,"date":"2018-12-03T07:53:11","date_gmt":"2018-12-03T07:53:11","guid":{"rendered":"https:\/\/duzceparkotel.com\/?page_id=3194"},"modified":"2025-08-02T09:07:45","modified_gmt":"2025-08-02T09:07:45","slug":"hakkimizda","status":"publish","type":"page","link":"https:\/\/duzceparkotel.com\/index.php\/hakkimizda\/","title":{"rendered":"Hakk\u0131m\u0131zda"},"content":{"rendered":"\t\t<div data-elementor-type=\"wp-post\" data-elementor-id=\"3194\" class=\"elementor elementor-3194\">\n\t\t\t\t\t\t<section class=\"elementor-section elementor-top-section elementor-element elementor-element-77ab81e elementor-section-boxed elementor-section-height-default elementor-section-height-default\" data-id=\"77ab81e\" data-element_type=\"section\" data-settings=\"{&quot;background_background&quot;:&quot;classic&quot;}\">\n\t\t\t\t\t\t\t<div class=\"elementor-background-overlay\"><\/div>\n\t\t\t\t\t\t\t<div class=\"elementor-container elementor-column-gap-default\">\n\t\t\t\t\t<div class=\"elementor-column elementor-col-100 elementor-top-column elementor-element elementor-element-e001978\" data-id=\"e001978\" data-element_type=\"column\">\n\t\t\t<div class=\"elementor-widget-wrap elementor-element-populated\">\n\t\t\t\t\t\t<div class=\"elementor-element elementor-element-90aed16 elementor-widget elementor-widget-heading\" data-id=\"90aed16\" data-element_type=\"widget\" data-widget_type=\"heading.default\">\n\t\t\t\t<div class=\"elementor-widget-container\">\n\t\t\t\t\t<h2 class=\"elementor-heading-title elementor-size-default\">Hikayemiz<\/h2>\t\t\t\t<\/div>\n\t\t\t\t<\/div>\n\t\t\t\t\t<\/div>\n\t\t<\/div>\n\t\t\t\t\t<\/div>\n\t\t<\/section>\n\t\t\t\t<section class=\"elementor-section elementor-top-section elementor-element elementor-element-db89718 elementor-section-boxed elementor-section-height-default elementor-section-height-default\" data-id=\"db89718\" data-element_type=\"section\">\n\t\t\t\t\t\t<div class=\"elementor-container elementor-column-gap-default\">\n\t\t\t\t\t<div class=\"elementor-column elementor-col-25 elementor-top-column elementor-element elementor-element-1b6ab19\" data-id=\"1b6ab19\" data-element_type=\"column\">\n\t\t\t<div class=\"elementor-widget-wrap elementor-element-populated\">\n\t\t\t\t\t\t<div class=\"elementor-element elementor-element-6fc6ca3 elementor-widget elementor-widget-ova_about_column\" data-id=\"6fc6ca3\" data-element_type=\"widget\" data-settings=\"{&quot;active_border_right_ver_2&quot;:&quot;yes&quot;,&quot;hide_boder_right_768_ver_2&quot;:&quot;yes&quot;,&quot;visble_border_bottom_1024_ver_2&quot;:&quot;yes&quot;,&quot;hide_boder_right_1024_ver_2&quot;:&quot;no&quot;,&quot;visble_border_bottom_768_ver_2&quot;:&quot;no&quot;}\" data-widget_type=\"ova_about_column.default\">\n\t\t\t\t<div class=\"elementor-widget-container\">\n\t\t\t\t\t\t\t<div class=\"ova-about-column\">\n\t\t\t<div class=\"wp-about-column about_version_2 hide-border-right-768  visble-bot-1024 \" style=\" border-right: 1px solid #e8e8e8 \">\n\t\t\t\t\t\t\t\t\t\t\t\t\t<div class=\"year\">\n\t\t\t\t\t\t<h4 class=\"second_font\">1970<\/h4>\n\t\t\t\t\t<\/div>\n\t\t\t\t\t\t\t\t\t\t\t\t<div class=\"content \">\n\t\t\t\t\t\t\t\t\t\t\t<h3 class=\"title second_font\"><a href=\"\" >HIZEL A\u0130LES\u0130 OLARAK<\/a><\/h3>\n\t\t\t\t\t\t\t\t\t\t\t\t\t\t\t\t<p class=\"desc\">Ticaret ser\u00fcvenimiz 1970\u2019li y\u0131llara dayan\u0131yor; bu birikimi turizm sekt\u00f6r\u00fcne ta\u015f\u0131yarak konuklar\u0131m\u0131za konforlu ve g\u00fcvenilir bir konaklama deneyimi sunmay\u0131 hedefledik.\n<\/p>\n\t\t\t\t\t\t\t\t\t<\/div>\n\t\t\t<\/div>\n\t\t<\/div>\n \t\t\n\t\t\t\t\t<\/div>\n\t\t\t\t<\/div>\n\t\t\t\t\t<\/div>\n\t\t<\/div>\n\t\t\t\t<div class=\"elementor-column elementor-col-25 elementor-top-column elementor-element elementor-element-0923a5c\" data-id=\"0923a5c\" data-element_type=\"column\">\n\t\t\t<div class=\"elementor-widget-wrap elementor-element-populated\">\n\t\t\t\t\t\t<div class=\"elementor-element elementor-element-561877c elementor-widget elementor-widget-ova_about_column\" data-id=\"561877c\" data-element_type=\"widget\" data-settings=\"{&quot;active_border_right_ver_2&quot;:&quot;yes&quot;,&quot;hide_boder_right_1024_ver_2&quot;:&quot;yes&quot;,&quot;visble_border_bottom_1024_ver_2&quot;:&quot;yes&quot;}\" data-widget_type=\"ova_about_column.default\">\n\t\t\t\t<div class=\"elementor-widget-container\">\n\t\t\t\t\t\t\t<div class=\"ova-about-column\">\n\t\t\t<div class=\"wp-about-column about_version_2 hide-border-right-1024  visble-bot-1024 \" style=\" border-right: 1px solid #e8e8e8 \">\n\t\t\t\t\t\t\t\t\t\t\t\t\t<div class=\"year\">\n\t\t\t\t\t\t<h4 class=\"second_font\">2001<\/h4>\n\t\t\t\t\t<\/div>\n\t\t\t\t\t\t\t\t\t\t\t\t<div class=\"content \">\n\t\t\t\t\t\t\t\t\t\t\t<h3 class=\"title second_font\"><a href=\"\" >OTELC\u0130L\u0130K<\/a><\/h3>\n\t\t\t\t\t\t\t\t\t\t\t\t\t\t\t\t<p class=\"desc\">H\u0131zel Ailesi\u2019nin k\u00f6kl\u00fc ticari ge\u00e7mi\u015finden do\u011fan bir misafirperverlik anlay\u0131\u015f\u0131yla, 2001 y\u0131l\u0131nda Park Otel\u2019i hayata ge\u00e7irdik.\nD\u00fczce\u2019nin merkezinde, konukseverli\u011fi samimiyetle harmanlayan bir anlay\u0131\u015fla hizmet veriyoruz. <\/p>\n\t\t\t\t\t\t\t\t\t<\/div>\n\t\t\t<\/div>\n\t\t<\/div>\n \t\t\n\t\t\t\t\t<\/div>\n\t\t\t\t<\/div>\n\t\t\t\t\t<\/div>\n\t\t<\/div>\n\t\t\t\t<div class=\"elementor-column elementor-col-25 elementor-top-column elementor-element elementor-element-0c707c3\" data-id=\"0c707c3\" data-element_type=\"column\">\n\t\t\t<div class=\"elementor-widget-wrap elementor-element-populated\">\n\t\t\t\t\t\t<div class=\"elementor-element elementor-element-6d448a5 elementor-widget elementor-widget-ova_about_column\" data-id=\"6d448a5\" data-element_type=\"widget\" data-settings=\"{&quot;active_border_right_ver_2&quot;:&quot;yes&quot;,&quot;hide_boder_right_768_ver_2&quot;:&quot;yes&quot;,&quot;visble_border_bottom_768_ver_2&quot;:&quot;yes&quot;,&quot;hide_boder_right_1024_ver_2&quot;:&quot;no&quot;,&quot;visble_border_bottom_1024_ver_2&quot;:&quot;no&quot;}\" data-widget_type=\"ova_about_column.default\">\n\t\t\t\t<div class=\"elementor-widget-container\">\n\t\t\t\t\t\t\t<div class=\"ova-about-column\">\n\t\t\t<div class=\"wp-about-column about_version_2 hide-border-right-768  visble-bot-768 \" style=\" border-right: 1px solid #e8e8e8 \">\n\t\t\t\t\t\t\t\t\t\t\t\t\t<div class=\"year\">\n\t\t\t\t\t\t<h4 class=\"second_font\">2001 ...<\/h4>\n\t\t\t\t\t<\/div>\n\t\t\t\t\t\t\t\t\t\t\t\t<div class=\"content \">\n\t\t\t\t\t\t\t\t\t\t\t<h3 class=\"title second_font\"><a href=\"\" >KONUMU<\/a><\/h3>\n\t\t\t\t\t\t\t\t\t\t\t\t\t\t\t\t<p class=\"desc\">Park Otel, merkezi konumu, ula\u015f\u0131m kolayl\u0131\u011f\u0131 ve fiyat-performans dengesiyle D\u00fczce\u2019deki oteller aras\u0131nda \u00f6ne \u00e7\u0131kmaktad\u0131r.\nMisafir profilimiz a\u011f\u0131rl\u0131kl\u0131 olarak i\u015f insanlar\u0131 ve ailelerden olu\u015fmaktad\u0131r. Tesisimizde hijyen standartlar\u0131 ve zengin kahvalt\u0131 se\u00e7enekleri \u00f6nceliklerimiz aras\u0131nda yer almaktad\u0131r.<\/p>\n\t\t\t\t\t\t\t\t\t<\/div>\n\t\t\t<\/div>\n\t\t<\/div>\n \t\t\n\t\t\t\t\t<\/div>\n\t\t\t\t<\/div>\n\t\t\t\t\t<\/div>\n\t\t<\/div>\n\t\t\t\t<div class=\"elementor-column elementor-col-25 elementor-top-column elementor-element elementor-element-25a44c4\" data-id=\"25a44c4\" data-element_type=\"column\">\n\t\t\t<div class=\"elementor-widget-wrap elementor-element-populated\">\n\t\t\t\t\t\t<div class=\"elementor-element elementor-element-82373a0 elementor-widget elementor-widget-ova_about_column\" data-id=\"82373a0\" data-element_type=\"widget\" data-settings=\"{&quot;active_border_right_ver_2&quot;:&quot;no&quot;,&quot;hide_boder_right_1024_ver_2&quot;:&quot;no&quot;,&quot;hide_boder_right_768_ver_2&quot;:&quot;no&quot;,&quot;visble_border_bottom_1024_ver_2&quot;:&quot;no&quot;,&quot;visble_border_bottom_768_ver_2&quot;:&quot;no&quot;}\" data-widget_type=\"ova_about_column.default\">\n\t\t\t\t<div class=\"elementor-widget-container\">\n\t\t\t\t\t\t\t<div class=\"ova-about-column\">\n\t\t\t<div class=\"wp-about-column about_version_2\" style=\"\">\n\t\t\t\t\t\t\t\t\t\t\t\t\t<div class=\"year\">\n\t\t\t\t\t\t<h4 class=\"second_font\">...<\/h4>\n\t\t\t\t\t<\/div>\n\t\t\t\t\t\t\t\t\t\t\t\t<div class=\"content \">\n\t\t\t\t\t\t\t\t\t\t\t<h3 class=\"title second_font\"><a href=\"\" >S\u00dcRD\u00dcR\u00dcLEB\u0130L\u0130RL\u0130K<\/a><\/h3>\n\t\t\t\t\t\t\t\t\t\t\t\t\t\t\t\t<p class=\"desc\">Ayn\u0131 zamanda s\u00fcrd\u00fcr\u00fclebilirlik, yaln\u0131zca bir tercih de\u011fil, i\u015fletmemizin temel ilkelerinden biridir. Enerji ve kaynak kullan\u0131m\u0131m\u0131z\u0131 minimize etmek, \u00e7evreye duyarl\u0131 uygulamalar geli\u015ftirmek ve yerel ekonomiyi desteklemek bizim i\u00e7in bir sorumluluktur.\n\nPark Otel olarak, sizi de bu s\u0131cak ve d\u00fcr\u00fcst misafirperverlik anlay\u0131\u015f\u0131n\u0131 deneyimlemeye\u00a0davet\u00a0ediyoruz.<\/p>\n\t\t\t\t\t\t\t\t\t<\/div>\n\t\t\t<\/div>\n\t\t<\/div>\n \t\t\n\t\t\t\t\t<\/div>\n\t\t\t\t<\/div>\n\t\t\t\t\t<\/div>\n\t\t<\/div>\n\t\t\t\t\t<\/div>\n\t\t<\/section>\n\t\t\t\t<section class=\"elementor-section elementor-top-section elementor-element elementor-element-de78e56 elementor-section-boxed elementor-section-height-default elementor-section-height-default\" data-id=\"de78e56\" data-element_type=\"section\" data-settings=\"{&quot;background_background&quot;:&quot;classic&quot;}\">\n\t\t\t\t\t\t\t<div class=\"elementor-background-overlay\"><\/div>\n\t\t\t\t\t\t\t<div class=\"elementor-container elementor-column-gap-default\">\n\t\t\t\t\t<div class=\"elementor-column elementor-col-25 elementor-top-column elementor-element elementor-element-b9c09d0\" data-id=\"b9c09d0\" data-element_type=\"column\">\n\t\t\t<div class=\"elementor-widget-wrap elementor-element-populated\">\n\t\t\t\t\t\t<div class=\"elementor-element elementor-element-4e3d8c0 text-heading-hozing { elementor-widget elementor-widget-heading\" data-id=\"4e3d8c0\" data-element_type=\"widget\" data-widget_type=\"heading.default\">\n\t\t\t\t<div class=\"elementor-widget-container\">\n\t\t\t\t\t<h2 class=\"elementor-heading-title elementor-size-default\">Do\u011fru yerde, Tam  zaman\u0131nda<\/h2>\t\t\t\t<\/div>\n\t\t\t\t<\/div>\n\t\t\t\t\t<\/div>\n\t\t<\/div>\n\t\t\t\t<div class=\"elementor-column elementor-col-25 elementor-top-column elementor-element elementor-element-db768a6\" data-id=\"db768a6\" data-element_type=\"column\">\n\t\t\t<div class=\"elementor-widget-wrap elementor-element-populated\">\n\t\t\t\t\t\t<div class=\"elementor-element elementor-element-703bfa8 counter-number-hozing elementor-widget elementor-widget-counter\" data-id=\"703bfa8\" data-element_type=\"widget\" data-widget_type=\"counter.default\">\n\t\t\t\t<div class=\"elementor-widget-container\">\n\t\t\t\t\t\t\t<div class=\"elementor-counter\">\n\t\t\t<div class=\"elementor-counter-title\">REZERVASYON<\/div>\t\t\t<div class=\"elementor-counter-number-wrapper\">\n\t\t\t\t<span class=\"elementor-counter-number-prefix\"><\/span>\n\t\t\t\t<span class=\"elementor-counter-number\" data-duration=\"2000\" data-to-value=\"15703\" data-from-value=\"0\" data-delimiter=\",\">0<\/span>\n\t\t\t\t<span class=\"elementor-counter-number-suffix\"><\/span>\n\t\t\t<\/div>\n\t\t<\/div>\n\t\t\t\t\t\t<\/div>\n\t\t\t\t<\/div>\n\t\t\t\t\t<\/div>\n\t\t<\/div>\n\t\t\t\t<div class=\"elementor-column elementor-col-25 elementor-top-column elementor-element elementor-element-935ebae\" data-id=\"935ebae\" data-element_type=\"column\">\n\t\t\t<div class=\"elementor-widget-wrap elementor-element-populated\">\n\t\t\t\t\t\t<div class=\"elementor-element elementor-element-1e9703d counter-number-hozing elementor-widget elementor-widget-counter\" data-id=\"1e9703d\" data-element_type=\"widget\" data-widget_type=\"counter.default\">\n\t\t\t\t<div class=\"elementor-widget-container\">\n\t\t\t\t\t\t\t<div class=\"elementor-counter\">\n\t\t\t<div class=\"elementor-counter-title\">TOPLAM M\u0130SAF\u0130R<\/div>\t\t\t<div class=\"elementor-counter-number-wrapper\">\n\t\t\t\t<span class=\"elementor-counter-number-prefix\"><\/span>\n\t\t\t\t<span class=\"elementor-counter-number\" data-duration=\"2000\" data-to-value=\"21524\" data-from-value=\"0\" data-delimiter=\",\">0<\/span>\n\t\t\t\t<span class=\"elementor-counter-number-suffix\"><\/span>\n\t\t\t<\/div>\n\t\t<\/div>\n\t\t\t\t\t\t<\/div>\n\t\t\t\t<\/div>\n\t\t\t\t\t<\/div>\n\t\t<\/div>\n\t\t\t\t<div class=\"elementor-column elementor-col-25 elementor-top-column elementor-element elementor-element-5dcf274\" data-id=\"5dcf274\" data-element_type=\"column\">\n\t\t\t<div class=\"elementor-widget-wrap elementor-element-populated\">\n\t\t\t\t\t\t<div class=\"elementor-element elementor-element-4988bc2 counter-number-hozing elementor-widget elementor-widget-counter\" data-id=\"4988bc2\" data-element_type=\"widget\" data-widget_type=\"counter.default\">\n\t\t\t\t<div class=\"elementor-widget-container\">\n\t\t\t\t\t\t\t<div class=\"elementor-counter\">\n\t\t\t<div class=\"elementor-counter-title\">Z\u0130YARET\u00c7\u0130<\/div>\t\t\t<div class=\"elementor-counter-number-wrapper\">\n\t\t\t\t<span class=\"elementor-counter-number-prefix\"><\/span>\n\t\t\t\t<span class=\"elementor-counter-number\" data-duration=\"2000\" data-to-value=\"52621\" data-from-value=\"0\" data-delimiter=\",\">0<\/span>\n\t\t\t\t<span class=\"elementor-counter-number-suffix\"><\/span>\n\t\t\t<\/div>\n\t\t<\/div>\n\t\t\t\t\t\t<\/div>\n\t\t\t\t<\/div>\n\t\t\t\t\t<\/div>\n\t\t<\/div>\n\t\t\t\t\t<\/div>\n\t\t<\/section>\n\t\t\t\t<\/div>\n\t\t","protected":false},"excerpt":{"rendered":"<p>Hikayemiz 1970 HIZEL A\u0130LES\u0130 OLARAK Ticaret ser\u00fcvenimiz 1970\u2019li y\u0131llara dayan\u0131yor; bu birikimi turizm sekt\u00f6r\u00fcne ta\u015f\u0131yarak konuklar\u0131m\u0131za konforlu ve g\u00fcvenilir bir konaklama deneyimi sunmay\u0131 hedefledik. 2001 OTELC\u0130L\u0130K H\u0131zel Ailesi\u2019nin k\u00f6kl\u00fc ticari ge\u00e7mi\u015finden do\u011fan bir misafirperverlik anlay\u0131\u015f\u0131yla, 2001 y\u0131l\u0131nda Park Otel\u2019i hayata ge\u00e7irdik. D\u00fczce\u2019nin merkezinde, konukseverli\u011fi samimiyetle harmanlayan bir anlay\u0131\u015fla hizmet veriyoruz. 2001 &#8230; KONUMU Park Otel, [&hellip;]<\/p>\n","protected":false},"author":1,"featured_media":0,"parent":0,"menu_order":0,"comment_status":"closed","ping_status":"closed","template":"elementor_header_footer","meta":{"footnotes":""},"class_list":["post-3194","page","type-page","status-publish","hentry"],"_links":{"self":[{"href":"https:\/\/duzceparkotel.com\/index.php\/wp-json\/wp\/v2\/pages\/3194","targetHints":{"allow":["GET"]}}],"collection":[{"href":"https:\/\/duzceparkotel.com\/index.php\/wp-json\/wp\/v2\/pages"}],"about":[{"href":"https:\/\/duzceparkotel.com\/index.php\/wp-json\/wp\/v2\/types\/page"}],"author":[{"embeddable":true,"href":"https:\/\/duzceparkotel.com\/index.php\/wp-json\/wp\/v2\/users\/1"}],"replies":[{"embeddable":true,"href":"https:\/\/duzceparkotel.com\/index.php\/wp-json\/wp\/v2\/comments?post=3194"}],"version-history":[{"count":20,"href":"https:\/\/duzceparkotel.com\/index.php\/wp-json\/wp\/v2\/pages\/3194\/revisions"}],"predecessor-version":[{"id":7365,"href":"https:\/\/duzceparkotel.com\/index.php\/wp-json\/wp\/v2\/pages\/3194\/revisions\/7365"}],"wp:attachment":[{"href":"https:\/\/duzceparkotel.com\/index.php\/wp-json\/wp\/v2\/media?parent=3194"}],"curies":[{"name":"wp","href":"https:\/\/api.w.org\/{rel}","templated":true}]}}