{"id":6985,"date":"2025-02-14T19:40:41","date_gmt":"2025-02-14T19:40:41","guid":{"rendered":"https:\/\/duzceparkotel.com\/?page_id=6985"},"modified":"2025-04-02T06:38:41","modified_gmt":"2025-04-02T06:38:41","slug":"belgelerimiz","status":"publish","type":"page","link":"https:\/\/duzceparkotel.com\/index.php\/belgelerimiz\/","title":{"rendered":"Belgelerimiz"},"content":{"rendered":"\t\t<div data-elementor-type=\"wp-post\" data-elementor-id=\"6985\" class=\"elementor elementor-6985\">\n\t\t\t\t\t\t<section class=\"elementor-section elementor-top-section elementor-element elementor-element-77ab81e elementor-section-full_width elementor-section-height-default elementor-section-height-default\" data-id=\"77ab81e\" data-element_type=\"section\" data-settings=\"{&quot;background_background&quot;:&quot;classic&quot;}\">\n\t\t\t\t\t\t\t<div class=\"elementor-background-overlay\"><\/div>\n\t\t\t\t\t\t\t<div class=\"elementor-container elementor-column-gap-default\">\n\t\t\t\t\t<div class=\"elementor-column elementor-col-100 elementor-top-column elementor-element elementor-element-e001978\" data-id=\"e001978\" data-element_type=\"column\">\n\t\t\t<div class=\"elementor-widget-wrap elementor-element-populated\">\n\t\t\t\t\t\t<div class=\"elementor-element elementor-element-90aed16 elementor-widget elementor-widget-heading\" data-id=\"90aed16\" data-element_type=\"widget\" data-widget_type=\"heading.default\">\n\t\t\t\t<div class=\"elementor-widget-container\">\n\t\t\t\t\t<h2 class=\"elementor-heading-title elementor-size-default\">Belgelerimiz<\/h2>\t\t\t\t<\/div>\n\t\t\t\t<\/div>\n\t\t\t\t\t<\/div>\n\t\t<\/div>\n\t\t\t\t\t<\/div>\n\t\t<\/section>\n\t\t<div class=\"elementor-element elementor-element-640f0af e-con-full e-flex e-con e-parent\" data-id=\"640f0af\" data-element_type=\"container\">\n\t\t<div class=\"elementor-element elementor-element-63e13d0 e-flex e-con-boxed e-con e-child\" data-id=\"63e13d0\" data-element_type=\"container\">\n\t\t\t\t\t<div class=\"e-con-inner\">\n\t\t\t\t<div class=\"elementor-element elementor-element-8eda15d gallery-spacing-custom elementor-widget__width-inherit elementor-widget elementor-widget-image-gallery\" data-id=\"8eda15d\" data-element_type=\"widget\" data-widget_type=\"image-gallery.default\">\n\t\t\t\t<div class=\"elementor-widget-container\">\n\t\t\t\t\t\t\t<div class=\"elementor-image-gallery\">\n\t\t\t\n\t\t<style type=\"text\/css\">\n\t\t\t#gallery-1 {\n\t\t\t\tmargin: auto;\n\t\t\t}\n\t\t\t#gallery-1 .gallery-item {\n\t\t\t\tfloat: left;\n\t\t\t\tmargin-top: 10px;\n\t\t\t\ttext-align: center;\n\t\t\t\twidth: 33%;\n\t\t\t}\n\t\t\t#gallery-1 img {\n\t\t\t\tborder: 2px solid #cfcfcf;\n\t\t\t}\n\t\t\t#gallery-1 .gallery-caption {\n\t\t\t\tmargin-left: 0;\n\t\t\t}\n\t\t\t\/* see gallery_shortcode() in wp-includes\/media.php *\/\n\t\t<\/style>\n\t\t<div id='gallery-1' class='gallery galleryid-6985 gallery-columns-3 gallery-size-full'><dl class='gallery-item'>\n\t\t\t<dt class='gallery-icon portrait'>\n\t\t\t\t<a data-elementor-open-lightbox=\"yes\" data-elementor-lightbox-slideshow=\"8eda15d\" data-elementor-lightbox-title=\"S\u00fcrd\u00fcr\u00fclebilirlik_Tr\" data-e-action-hash=\"#elementor-action%3Aaction%3Dlightbox%26settings%3DeyJpZCI6NzA4OSwidXJsIjoiaHR0cDpcL1wvZHV6Y2VwYXJrb3RlbC5jb21cL3dwLWNvbnRlbnRcL3VwbG9hZHNcLzIwMThcLzEyXC9TdXJkdXJ1bGViaWxpcmxpa19Uci5qcGciLCJzbGlkZXNob3ciOiI4ZWRhMTVkIn0%3D\" href='http:\/\/duzceparkotel.com\/wp-content\/uploads\/2018\/12\/Surdurulebilirlik_Tr.jpg'><img fetchpriority=\"high\" decoding=\"async\" width=\"760\" height=\"1074\" src=\"http:\/\/duzceparkotel.com\/wp-content\/uploads\/2018\/12\/Surdurulebilirlik_Tr.jpg\" class=\"attachment-full size-full\" alt=\"\" srcset=\"http:\/\/duzceparkotel.com\/wp-content\/uploads\/2018\/12\/Surdurulebilirlik_Tr.jpg 760w, http:\/\/duzceparkotel.com\/wp-content\/uploads\/2018\/12\/Surdurulebilirlik_Tr-212x300.jpg 212w, http:\/\/duzceparkotel.com\/wp-content\/uploads\/2018\/12\/Surdurulebilirlik_Tr-725x1024.jpg 725w, http:\/\/duzceparkotel.com\/wp-content\/uploads\/2018\/12\/Surdurulebilirlik_Tr-600x848.jpg 600w\" sizes=\"(max-width: 760px) 100vw, 760px\" \/><\/a>\n\t\t\t<\/dt><\/dl><dl class='gallery-item'>\n\t\t\t<dt class='gallery-icon portrait'>\n\t\t\t\t<a data-elementor-open-lightbox=\"yes\" data-elementor-lightbox-slideshow=\"8eda15d\" data-elementor-lightbox-title=\"konaklama\" data-e-action-hash=\"#elementor-action%3Aaction%3Dlightbox%26settings%3DeyJpZCI6NzA5MSwidXJsIjoiaHR0cDpcL1wvZHV6Y2VwYXJrb3RlbC5jb21cL3dwLWNvbnRlbnRcL3VwbG9hZHNcLzIwMThcLzEyXC9rb25ha2xhbWEuanBnIiwic2xpZGVzaG93IjoiOGVkYTE1ZCJ9\" href='http:\/\/duzceparkotel.com\/wp-content\/uploads\/2018\/12\/konaklama.jpg'><img decoding=\"async\" width=\"1276\" height=\"1755\" src=\"http:\/\/duzceparkotel.com\/wp-content\/uploads\/2018\/12\/konaklama.jpg\" class=\"attachment-full size-full\" alt=\"\" srcset=\"http:\/\/duzceparkotel.com\/wp-content\/uploads\/2018\/12\/konaklama.jpg 1276w, http:\/\/duzceparkotel.com\/wp-content\/uploads\/2018\/12\/konaklama-218x300.jpg 218w, http:\/\/duzceparkotel.com\/wp-content\/uploads\/2018\/12\/konaklama-745x1024.jpg 745w, http:\/\/duzceparkotel.com\/wp-content\/uploads\/2018\/12\/konaklama-768x1056.jpg 768w, http:\/\/duzceparkotel.com\/wp-content\/uploads\/2018\/12\/konaklama-1117x1536.jpg 1117w, http:\/\/duzceparkotel.com\/wp-content\/uploads\/2018\/12\/konaklama-600x825.jpg 600w\" sizes=\"(max-width: 1276px) 100vw, 1276px\" \/><\/a>\n\t\t\t<\/dt><\/dl><dl class='gallery-item'>\n\t\t\t<dt class='gallery-icon portrait'>\n\t\t\t\t<a data-elementor-open-lightbox=\"yes\" data-elementor-lightbox-slideshow=\"8eda15d\" data-elementor-lightbox-title=\"S\u00fcrd\u00fcr\u00fclebilirlik_Eng\" data-e-action-hash=\"#elementor-action%3Aaction%3Dlightbox%26settings%3DeyJpZCI6NzA5MywidXJsIjoiaHR0cDpcL1wvZHV6Y2VwYXJrb3RlbC5jb21cL3dwLWNvbnRlbnRcL3VwbG9hZHNcLzIwMThcLzEyXC9TdXJkdXJ1bGViaWxpcmxpa19FbmcuanBnIiwic2xpZGVzaG93IjoiOGVkYTE1ZCJ9\" href='http:\/\/duzceparkotel.com\/wp-content\/uploads\/2018\/12\/Surdurulebilirlik_Eng.jpg'><img decoding=\"async\" width=\"760\" height=\"1079\" src=\"http:\/\/duzceparkotel.com\/wp-content\/uploads\/2018\/12\/Surdurulebilirlik_Eng.jpg\" class=\"attachment-full size-full\" alt=\"\" srcset=\"http:\/\/duzceparkotel.com\/wp-content\/uploads\/2018\/12\/Surdurulebilirlik_Eng.jpg 760w, http:\/\/duzceparkotel.com\/wp-content\/uploads\/2018\/12\/Surdurulebilirlik_Eng-211x300.jpg 211w, http:\/\/duzceparkotel.com\/wp-content\/uploads\/2018\/12\/Surdurulebilirlik_Eng-721x1024.jpg 721w, http:\/\/duzceparkotel.com\/wp-content\/uploads\/2018\/12\/Surdurulebilirlik_Eng-600x852.jpg 600w\" sizes=\"(max-width: 760px) 100vw, 760px\" \/><\/a>\n\t\t\t<\/dt><\/dl><br style=\"clear: both\" \/>\n\t\t<\/div>\n\t\t<\/div>\n\t\t\t\t\t\t<\/div>\n\t\t\t\t<\/div>\n\t\t\t\t\t<\/div>\n\t\t\t\t<\/div>\n\t\t\t\t<\/div>\n\t\t\t\t<\/div>\n\t\t","protected":false},"excerpt":{"rendered":"<p>Belgelerimiz<\/p>\n","protected":false},"author":1,"featured_media":0,"parent":0,"menu_order":0,"comment_status":"closed","ping_status":"closed","template":"elementor_header_footer","meta":{"footnotes":""},"class_list":["post-6985","page","type-page","status-publish","hentry"],"_links":{"self":[{"href":"https:\/\/duzceparkotel.com\/index.php\/wp-json\/wp\/v2\/pages\/6985","targetHints":{"allow":["GET"]}}],"collection":[{"href":"https:\/\/duzceparkotel.com\/index.php\/wp-json\/wp\/v2\/pages"}],"about":[{"href":"https:\/\/duzceparkotel.com\/index.php\/wp-json\/wp\/v2\/types\/page"}],"author":[{"embeddable":true,"href":"https:\/\/duzceparkotel.com\/index.php\/wp-json\/wp\/v2\/users\/1"}],"replies":[{"embeddable":true,"href":"https:\/\/duzceparkotel.com\/index.php\/wp-json\/wp\/v2\/comments?post=6985"}],"version-history":[{"count":13,"href":"https:\/\/duzceparkotel.com\/index.php\/wp-json\/wp\/v2\/pages\/6985\/revisions"}],"predecessor-version":[{"id":7096,"href":"https:\/\/duzceparkotel.com\/index.php\/wp-json\/wp\/v2\/pages\/6985\/revisions\/7096"}],"wp:attachment":[{"href":"https:\/\/duzceparkotel.com\/index.php\/wp-json\/wp\/v2\/media?parent=6985"}],"curies":[{"name":"wp","href":"https:\/\/api.w.org\/{rel}","templated":true}]}}