{"id":7185,"date":"2025-04-17T03:32:04","date_gmt":"2025-04-17T03:32:04","guid":{"rendered":"https:\/\/duzceparkotel.com\/?page_id=7185"},"modified":"2025-05-03T17:51:28","modified_gmt":"2025-05-03T17:51:28","slug":"triple-room","status":"publish","type":"page","link":"https:\/\/duzceparkotel.com\/index.php\/triple-room\/","title":{"rendered":"Triple Room"},"content":{"rendered":"\t\t<div data-elementor-type=\"wp-post\" data-elementor-id=\"7185\" class=\"elementor elementor-7185\">\n\t\t\t\t\t\t<section class=\"elementor-section elementor-top-section elementor-element elementor-element-77ab81e elementor-section-boxed elementor-section-height-default elementor-section-height-default\" data-id=\"77ab81e\" data-element_type=\"section\" data-settings=\"{&quot;background_background&quot;:&quot;classic&quot;}\">\n\t\t\t\t\t\t\t<div class=\"elementor-background-overlay\"><\/div>\n\t\t\t\t\t\t\t<div class=\"elementor-container elementor-column-gap-default\">\n\t\t\t\t\t<div class=\"elementor-column elementor-col-100 elementor-top-column elementor-element elementor-element-e001978\" data-id=\"e001978\" data-element_type=\"column\">\n\t\t\t<div class=\"elementor-widget-wrap elementor-element-populated\">\n\t\t\t\t\t\t<div class=\"elementor-element elementor-element-90aed16 elementor-widget elementor-widget-heading\" data-id=\"90aed16\" data-element_type=\"widget\" data-widget_type=\"heading.default\">\n\t\t\t\t<div class=\"elementor-widget-container\">\n\t\t\t\t\t<h2 class=\"elementor-heading-title elementor-size-default\">TRIPLE ROOM<\/h2>\t\t\t\t<\/div>\n\t\t\t\t<\/div>\n\t\t\t\t\t<\/div>\n\t\t<\/div>\n\t\t\t\t\t<\/div>\n\t\t<\/section>\n\t\t<div class=\"elementor-element elementor-element-640f0af e-con-full e-flex e-con e-parent\" data-id=\"640f0af\" data-element_type=\"container\">\n\t\t<div class=\"elementor-element elementor-element-63e13d0 e-con-full e-flex e-con e-child\" data-id=\"63e13d0\" data-element_type=\"container\">\n\t\t\t\t<div class=\"elementor-element elementor-element-489c210 elementor-widget elementor-widget-text-editor\" data-id=\"489c210\" data-element_type=\"widget\" data-widget_type=\"text-editor.default\">\n\t\t\t\t<div class=\"elementor-widget-container\">\n\t\t\t\t\t\t\t\t\t<p>\u00a0 \u00a0 \u00a0 \u00a0 Misafirlerimizin huzuru ve rahat\u0131 i\u00e7in \u00f6zenle tasarlanan Triple Odalar\u0131m\u0131z, modern olanaklarla donat\u0131larak sizlere unutulmaz bir konaklama deneyimi sunar.<\/p><p>\u00a0Kalite ve konforun bulu\u015ftu\u011fu Triple Room, \u00e7iftler i\u00e7in m\u00fckemmel bir tercihdir. Modern tasar\u0131m\u0131 ve s\u0131cak atmosferi ile rahat bir konaklama sunan odam\u0131zda, king-size yatak, zarif mobilyalar ve keyifli manzaralarla donat\u0131lm\u0131\u015ft\u0131r. T\u00fcm ihtiya\u00e7lar\u0131n\u0131z\u0131 kar\u015f\u0131layacak olanaklarla donat\u0131lm\u0131\u015f bu odada kendinizi evinizde hissedeceksiniz<\/p><h4><strong>Oda \u00d6zellikleri:<\/strong><\/h4><p>\u2714\u00a0<strong>Geni\u015f ve Rahat Yatak<\/strong>\u00a0\u2013 Tek ki\u015filik konforlu yatak<br \/>\u2714\u00a0<strong>Klima<\/strong>\u00a0\u2013 Y\u0131l boyu ideal oda s\u0131cakl\u0131\u011f\u0131<br \/>\u2714\u00a0<strong>\u00dccretsiz WiFi<\/strong>\u00a0\u2013 Kesintisiz internet eri\u015fimi<br \/>\u2714\u00a0<strong>LED TV<\/strong>\u00a0\u2013 Yerli ve yabanc\u0131 kanallar<br \/>\u2714\u00a0<strong>S\u0131cak Su<\/strong>\u00a0\u2013 24 saat kesintisiz banyo konforu<br \/>\u2714\u00a0<strong>Mini Buzdolab\u0131<\/strong>\u00a0\u2013 \u0130htiya\u00e7lar\u0131n\u0131z i\u00e7in pratik \u00e7\u00f6z\u00fcm<br \/>\u2714\u00a0<strong>\u00c7al\u0131\u015fma Masas\u0131<\/strong>\u00a0\u2013 \u0130\u015f veya okul i\u00e7in ergonomik alan<br \/>\u2714\u00a0<strong>\u00d6zel Banyo<\/strong>\u00a0\u2013 Modern tasar\u0131m ve temizlik garantisi<\/p><h4><strong>Ek Hizmetler:<\/strong><\/h4><p>\u2615 Sabah kahvalt\u0131s\u0131\u00a0<br \/>\ud83e\uddf9 G\u00fcnl\u00fck oda temizli\u011fi<br \/>\ud83d\ude97 Otopark imkan\u0131<\/p><p><strong>Sade bir tatil mi, yo\u011fun bir i\u015f seyahati mi?<\/strong>\u00a0Single odalar\u0131m\u0131z, sizin i\u00e7in ideal bir dinlenme alan\u0131!<\/p>\t\t\t\t\t\t\t\t<\/div>\n\t\t\t\t<\/div>\n\t\t\t\t<div class=\"elementor-element elementor-element-b3e43a6 elementor-widget elementor-widget-image-gallery\" data-id=\"b3e43a6\" data-element_type=\"widget\" data-widget_type=\"image-gallery.default\">\n\t\t\t\t<div class=\"elementor-widget-container\">\n\t\t\t\t\t\t\t<div class=\"elementor-image-gallery\">\n\t\t\t\n\t\t<style type=\"text\/css\">\n\t\t\t#gallery-1 {\n\t\t\t\tmargin: auto;\n\t\t\t}\n\t\t\t#gallery-1 .gallery-item {\n\t\t\t\tfloat: left;\n\t\t\t\tmargin-top: 10px;\n\t\t\t\ttext-align: center;\n\t\t\t\twidth: 25%;\n\t\t\t}\n\t\t\t#gallery-1 img {\n\t\t\t\tborder: 2px solid #cfcfcf;\n\t\t\t}\n\t\t\t#gallery-1 .gallery-caption {\n\t\t\t\tmargin-left: 0;\n\t\t\t}\n\t\t\t\/* see gallery_shortcode() in wp-includes\/media.php *\/\n\t\t<\/style>\n\t\t<div id='gallery-1' class='gallery galleryid-7185 gallery-columns-4 gallery-size-hozing_h'><dl class='gallery-item'>\n\t\t\t<dt class='gallery-icon landscape'>\n\t\t\t\t<a data-elementor-open-lightbox=\"yes\" data-elementor-lightbox-slideshow=\"b3e43a6\" data-elementor-lightbox-title=\"TripleRoom1\" data-e-action-hash=\"#elementor-action%3Aaction%3Dlightbox%26settings%3DeyJpZCI6NzI0NiwidXJsIjoiaHR0cHM6XC9cL2R1emNlcGFya290ZWwuY29tXC93cC1jb250ZW50XC91cGxvYWRzXC8yMDE4XC8xMlwvVHJpcGxlUm9vbTEuanBnIiwic2xpZGVzaG93IjoiYjNlNDNhNiJ9\" href='https:\/\/duzceparkotel.com\/wp-content\/uploads\/2018\/12\/TripleRoom1.jpg'><img fetchpriority=\"high\" decoding=\"async\" width=\"355\" height=\"450\" src=\"https:\/\/duzceparkotel.com\/wp-content\/uploads\/2018\/12\/TripleRoom1-355x450.jpg\" class=\"attachment-hozing_h size-hozing_h\" alt=\"\" \/><\/a>\n\t\t\t<\/dt><\/dl><dl class='gallery-item'>\n\t\t\t<dt class='gallery-icon landscape'>\n\t\t\t\t<a data-elementor-open-lightbox=\"yes\" data-elementor-lightbox-slideshow=\"b3e43a6\" data-elementor-lightbox-title=\"TripleRoom2\" data-e-action-hash=\"#elementor-action%3Aaction%3Dlightbox%26settings%3DeyJpZCI6NzI0NywidXJsIjoiaHR0cHM6XC9cL2R1emNlcGFya290ZWwuY29tXC93cC1jb250ZW50XC91cGxvYWRzXC8yMDE4XC8xMlwvVHJpcGxlUm9vbTItZTE3NDYyOTQ2NjU2MTcuanBnIiwic2xpZGVzaG93IjoiYjNlNDNhNiJ9\" href='https:\/\/duzceparkotel.com\/wp-content\/uploads\/2018\/12\/TripleRoom2-e1746294665617.jpg'><img decoding=\"async\" width=\"355\" height=\"450\" src=\"https:\/\/duzceparkotel.com\/wp-content\/uploads\/2018\/12\/TripleRoom2-e1746294665617-355x450.jpg\" class=\"attachment-hozing_h size-hozing_h\" alt=\"\" \/><\/a>\n\t\t\t<\/dt><\/dl><dl class='gallery-item'>\n\t\t\t<dt class='gallery-icon landscape'>\n\t\t\t\t<a data-elementor-open-lightbox=\"yes\" data-elementor-lightbox-slideshow=\"b3e43a6\" data-elementor-lightbox-title=\"TripleRoom3\" data-e-action-hash=\"#elementor-action%3Aaction%3Dlightbox%26settings%3DeyJpZCI6NzI0OCwidXJsIjoiaHR0cHM6XC9cL2R1emNlcGFya290ZWwuY29tXC93cC1jb250ZW50XC91cGxvYWRzXC8yMDE4XC8xMlwvVHJpcGxlUm9vbTMuanBnIiwic2xpZGVzaG93IjoiYjNlNDNhNiJ9\" href='https:\/\/duzceparkotel.com\/wp-content\/uploads\/2018\/12\/TripleRoom3.jpg'><img decoding=\"async\" width=\"355\" height=\"450\" src=\"https:\/\/duzceparkotel.com\/wp-content\/uploads\/2018\/12\/TripleRoom3-355x450.jpg\" class=\"attachment-hozing_h size-hozing_h\" alt=\"\" \/><\/a>\n\t\t\t<\/dt><\/dl><dl class='gallery-item'>\n\t\t\t<dt class='gallery-icon landscape'>\n\t\t\t\t<a data-elementor-open-lightbox=\"yes\" data-elementor-lightbox-slideshow=\"b3e43a6\" data-elementor-lightbox-title=\"TripleRoom4\" data-e-action-hash=\"#elementor-action%3Aaction%3Dlightbox%26settings%3DeyJpZCI6NzI0OSwidXJsIjoiaHR0cHM6XC9cL2R1emNlcGFya290ZWwuY29tXC93cC1jb250ZW50XC91cGxvYWRzXC8yMDE4XC8xMlwvVHJpcGxlUm9vbTQuanBnIiwic2xpZGVzaG93IjoiYjNlNDNhNiJ9\" href='https:\/\/duzceparkotel.com\/wp-content\/uploads\/2018\/12\/TripleRoom4.jpg'><img loading=\"lazy\" decoding=\"async\" width=\"355\" height=\"450\" src=\"https:\/\/duzceparkotel.com\/wp-content\/uploads\/2018\/12\/TripleRoom4-355x450.jpg\" class=\"attachment-hozing_h size-hozing_h\" alt=\"\" \/><\/a>\n\t\t\t<\/dt><\/dl><br style=\"clear: both\" \/>\n\t\t<\/div>\n\t\t<\/div>\n\t\t\t\t\t\t<\/div>\n\t\t\t\t<\/div>\n\t\t\t\t<\/div>\n\t\t\t\t<\/div>\n\t\t\t\t<\/div>\n\t\t","protected":false},"excerpt":{"rendered":"<p>TRIPLE ROOM \u00a0 \u00a0 \u00a0 \u00a0 Misafirlerimizin huzuru ve rahat\u0131 i\u00e7in \u00f6zenle tasarlanan Triple Odalar\u0131m\u0131z, modern olanaklarla donat\u0131larak sizlere unutulmaz bir konaklama deneyimi sunar. \u00a0Kalite ve konforun bulu\u015ftu\u011fu Triple Room, \u00e7iftler i\u00e7in m\u00fckemmel bir tercihdir. Modern tasar\u0131m\u0131 ve s\u0131cak atmosferi ile rahat bir konaklama sunan odam\u0131zda, king-size yatak, zarif mobilyalar ve keyifli manzaralarla donat\u0131lm\u0131\u015ft\u0131r. T\u00fcm [&hellip;]<\/p>\n","protected":false},"author":1,"featured_media":0,"parent":0,"menu_order":0,"comment_status":"closed","ping_status":"closed","template":"elementor_header_footer","meta":{"footnotes":""},"class_list":["post-7185","page","type-page","status-publish","hentry"],"_links":{"self":[{"href":"https:\/\/duzceparkotel.com\/index.php\/wp-json\/wp\/v2\/pages\/7185","targetHints":{"allow":["GET"]}}],"collection":[{"href":"https:\/\/duzceparkotel.com\/index.php\/wp-json\/wp\/v2\/pages"}],"about":[{"href":"https:\/\/duzceparkotel.com\/index.php\/wp-json\/wp\/v2\/types\/page"}],"author":[{"embeddable":true,"href":"https:\/\/duzceparkotel.com\/index.php\/wp-json\/wp\/v2\/users\/1"}],"replies":[{"embeddable":true,"href":"https:\/\/duzceparkotel.com\/index.php\/wp-json\/wp\/v2\/comments?post=7185"}],"version-history":[{"count":8,"href":"https:\/\/duzceparkotel.com\/index.php\/wp-json\/wp\/v2\/pages\/7185\/revisions"}],"predecessor-version":[{"id":7276,"href":"https:\/\/duzceparkotel.com\/index.php\/wp-json\/wp\/v2\/pages\/7185\/revisions\/7276"}],"wp:attachment":[{"href":"https:\/\/duzceparkotel.com\/index.php\/wp-json\/wp\/v2\/media?parent=7185"}],"curies":[{"name":"wp","href":"https:\/\/api.w.org\/{rel}","templated":true}]}}